{"id":29,"date":"2025-02-22T11:20:17","date_gmt":"2025-02-22T11:20:17","guid":{"rendered":"https:\/\/fischersped.de\/?page_id=29"},"modified":"2025-02-26T10:28:57","modified_gmt":"2025-02-26T10:28:57","slug":"aktivitaeten","status":"publish","type":"page","link":"https:\/\/fischersped.de\/?page_id=29","title":{"rendered":"Aktivit\u00e4ten"},"content":{"rendered":"\n<h3 class=\"wp-block-heading\">Aktivit\u00e4ten<\/h3>\n\n\n\n<div class=\"wp-block-columns is-layout-flex wp-container-core-columns-is-layout-1 wp-block-columns-is-layout-flex\">\n<div class=\"wp-block-column is-layout-flow wp-block-column-is-layout-flow\">\n<div class=\"wp-block-group is-nowrap is-layout-flex wp-container-core-group-is-layout-1 wp-block-group-is-layout-flex\">\n<ul class=\"wp-block-list\">\n<li>Transporte<br>Deutschland &lt;-&gt; Norwegen<\/li>\n\n\n\n<li>Verzollung und Distribution von \u00dcbersee-Containern<\/li>\n\n\n\n<li>Land-, Bahn-, See- und Luftverkehr<\/li>\n\n\n\n<li>Zollabfertigungen \u00fcber ATLAS<\/li>\n\n\n\n<li>ZAPP-Abfertigungen<\/li>\n\n\n\n<li>Umladung von Waren und Stauung von Containern<\/li>\n\n\n\n<li>Lagerhaltung 1.590 qm<\/li>\n<\/ul>\n<\/div>\n<\/div>\n\n\n\n<div class=\"wp-block-column is-layout-flow wp-block-column-is-layout-flow\">\n<figure class=\"wp-block-image size-full\"><img loading=\"lazy\" decoding=\"async\" width=\"270\" height=\"179\" src=\"https:\/\/fischersped.de\/wp-content\/uploads\/2025\/02\/akti.jpg\" alt=\"\" class=\"wp-image-15\"\/><\/figure>\n<\/div>\n<\/div>\n\n\n\n<p><\/p>\n\n\n\n<h3 class=\"wp-block-heading\">Geschichte<\/h3>\n\n\n\n<p>Die Firma in Oslo wurde 1867 von Holger Fischer gegr\u00fcndet. Sie begann mit dem Transport von Gep\u00e4ck und G\u00fctern zwischen den beiden Bahnstationen in Oslo.<\/p>\n\n\n\n<p>Holger Fischer`s Sohn, Oscar Fischer, erweiterte die Gesch\u00e4fte der Firma auf Seeverkehr und nationale Spedition.<\/p>\n\n\n\n<p>In Hamburg erfolgte die Gr\u00fcndung im Jahr 1925, um die Aktivit\u00e4ten von und nach Norwegen aufzunehmen.<\/p>\n\n\n\n<p>Seit 2014 befinden wir uns an unserem aktuellen Standort in Hamburg-Billbrook mit verkehrsg\u00fcnstiger Anbindung. <\/p>\n\n\n\n<p>Fredrik Fischer f\u00fchrte die Firma in 4. Generation bis zum Jahr 2014.<\/p>\n\n\n\n<p>Im Jahr 2015 erfolgte der Eigent\u00fcmerwechsel auf die Traditionsfirma Tyrholm &amp; Farstad AS<\/p>\n\n\n\n<p><\/p>\n","protected":false},"excerpt":{"rendered":"<p>Aktivit\u00e4ten Geschichte Die Firma in Oslo wurde 1867 von Holger Fischer gegr\u00fcndet. Sie begann mit dem Transport von Gep\u00e4ck und<\/p>\n","protected":false},"author":1,"featured_media":0,"parent":0,"menu_order":0,"comment_status":"closed","ping_status":"closed","template":"","meta":{"footnotes":""},"class_list":["post-29","page","type-page","status-publish","hentry"],"_links":{"self":[{"href":"https:\/\/fischersped.de\/index.php?rest_route=\/wp\/v2\/pages\/29","targetHints":{"allow":["GET"]}}],"collection":[{"href":"https:\/\/fischersped.de\/index.php?rest_route=\/wp\/v2\/pages"}],"about":[{"href":"https:\/\/fischersped.de\/index.php?rest_route=\/wp\/v2\/types\/page"}],"author":[{"embeddable":true,"href":"https:\/\/fischersped.de\/index.php?rest_route=\/wp\/v2\/users\/1"}],"replies":[{"embeddable":true,"href":"https:\/\/fischersped.de\/index.php?rest_route=%2Fwp%2Fv2%2Fcomments&post=29"}],"version-history":[{"count":8,"href":"https:\/\/fischersped.de\/index.php?rest_route=\/wp\/v2\/pages\/29\/revisions"}],"predecessor-version":[{"id":141,"href":"https:\/\/fischersped.de\/index.php?rest_route=\/wp\/v2\/pages\/29\/revisions\/141"}],"wp:attachment":[{"href":"https:\/\/fischersped.de\/index.php?rest_route=%2Fwp%2Fv2%2Fmedia&parent=29"}],"curies":[{"name":"wp","href":"https:\/\/api.w.org\/{rel}","templated":true}]}}