{"id":34,"date":"2025-02-22T11:22:27","date_gmt":"2025-02-22T11:22:27","guid":{"rendered":"https:\/\/fischersped.de\/?page_id=34"},"modified":"2025-02-26T10:48:04","modified_gmt":"2025-02-26T10:48:04","slug":"impressum","status":"publish","type":"page","link":"https:\/\/fischersped.de\/?page_id=34","title":{"rendered":"Impressum"},"content":{"rendered":"\n<h3 class=\"wp-block-heading\">Impressum<\/h3>\n\n\n\n<p>HOLGER FISCHER GmbH &amp; Co. KG<br>Moorfleeter Stra\u00dfe 40<br>D-22113 Hamburg<\/p>\n\n\n\n<p><strong>Vertreten durch:<\/strong><br>Holger Fischer Spedition GmbH<br>Moorfleeter Stra\u00dfe 40<br>D-22113 Hamburg<\/p>\n\n\n\n<p>Diese vertreten durch:<br>Thomas Klitz<\/p>\n\n\n\n<p>Handelsregister: HRB 41519<br>Registergericht: Handelsregister Hamburg<\/p>\n\n\n\n<p><strong>Kontakt<\/strong><br>Telefon: +49 (0)40 780 994 \u2013 0<br>Telefax: +49 (0)40 780 994 \u2013 44<br>E-Mail: holger@fischersped.de<\/p>\n\n\n\n<p><strong>Umsatzsteuer-ID<\/strong><br>Umsatzsteuer-Identifikationsnummer gem\u00e4\u00df \u00a7 27 a Umsatzsteuergesetz:<br>DE118859379<\/p>\n\n\n\n<p><strong>Angaben zur Berufshaftpflichtversicherung<\/strong><\/p>\n\n\n\n<p><strong>Name und Sitz des Versicherers:<\/strong><br>KRAVAG-LOGISTIC Versicherungs-AG<br>Heidenkampsweg 102<br>20097 Hamburg<\/p>\n\n\n\n<p><strong>Geltungsraum der Versicherung:<\/strong><br>Deutschland<\/p>\n\n\n\n<p><strong>Verbraucherstreitbeilegung\/Universalschlichtungsstelle<\/strong><br>Wir sind nicht bereit oder verpflichtet, an Streitbeilegungsverfahren vor einer<br>Verbraucherschlichtungsstelle teilzunehmen.<\/p>\n\n\n\n<p>Quelle:<br><a href=\"https:\/\/www.e-recht24.de\/\">eRecht24<\/a><\/p>\n\n\n\n<p>Wir arbeiten ausschliesslich auf der Grundlage der `Allgemeinen Deutschen Spediteurbedingungen (ADSp.)`, jeweils neueste Fassung, diese k\u00f6nnen auf unserer Homepage eingesehen werden.<br><br><strong>In Ziffer 23 beschr\u00e4nken die ADSp die gesetzliche Haftung fuer G\u00fctersch\u00e4den nach \u00a7 431 HGB f\u00fcr Sch\u00e4den in speditionellem Gewahrsam auf 5 EURO\/kg; bei multimodalen Transporten unter Einschluss einer Seebef\u00f6rderung auf 2 SZR\/kg sowie dar\u00fcber hinaus je Schadensfall bzw. &#8211; ereignis auf 1 Mio. bzw. 2 Mio. EURO oder 2 SZR\/kg, je nachdem welcher Betrag h\u00f6her ist.<\/strong><\/p>\n\n\n\n<p><strong>Disclaimer:<\/strong><br>Unsere Webseiten sind urheberrechtlich gesch\u00fctzt. Jede Verwertung zu kommerziellen oder politischen Zwecken, sei es ganz oder teilweise, auch in ver\u00e4nderter Form bedarf der vorherigen Zustimmung. Zul\u00e4ssig ist der Ausdruck, die Kopie oder das Herunterladen von Dateien zu Informationszwecken sowie zum Zwecke der privaten Nutzung. Die in unseren Webseiten enthaltenen Links k\u00f6nnen dazu f\u00fchren, dass Sie auf die Webseiten Dritter gelangen. Wir weisen darauf hin, dass wir auf diese Webseiten keinen Einfluss haben, und daher auch nicht f\u00fcr deren Inhalt verantwortlich sind. Die Existenz von Links zu Webseiten Dritter stellt keine Empfehlung f\u00fcr diese Seiten, die sie betreibenden Unternehmen oder deren Produkte und Leistungen dar. Unsere Webseiten haben wir sehr sorgf\u00e4ltig zusammengestellt. F\u00fcr die Richtigkeit und Vollst\u00e4ndigkeit der Angaben k\u00f6nnen wir dennoch keine Haftung \u00fcbernehmen. Die Inhalte k\u00f6nnen \u00fcberdies ohne vorherige Ank\u00fcndigung aktualisiert, erweitert, gek\u00fcrzt oder anderweitig angepasst oder ge\u00e4ndert werden.<\/p>\n","protected":false},"excerpt":{"rendered":"<p>Impressum HOLGER FISCHER GmbH &amp; Co. KGMoorfleeter Stra\u00dfe 40D-22113 Hamburg Vertreten durch:Holger Fischer Spedition GmbHMoorfleeter Stra\u00dfe 40D-22113 Hamburg Diese vertreten<\/p>\n","protected":false},"author":1,"featured_media":0,"parent":0,"menu_order":0,"comment_status":"closed","ping_status":"closed","template":"","meta":{"footnotes":""},"class_list":["post-34","page","type-page","status-publish","hentry"],"_links":{"self":[{"href":"https:\/\/fischersped.de\/index.php?rest_route=\/wp\/v2\/pages\/34","targetHints":{"allow":["GET"]}}],"collection":[{"href":"https:\/\/fischersped.de\/index.php?rest_route=\/wp\/v2\/pages"}],"about":[{"href":"https:\/\/fischersped.de\/index.php?rest_route=\/wp\/v2\/types\/page"}],"author":[{"embeddable":true,"href":"https:\/\/fischersped.de\/index.php?rest_route=\/wp\/v2\/users\/1"}],"replies":[{"embeddable":true,"href":"https:\/\/fischersped.de\/index.php?rest_route=%2Fwp%2Fv2%2Fcomments&post=34"}],"version-history":[{"count":7,"href":"https:\/\/fischersped.de\/index.php?rest_route=\/wp\/v2\/pages\/34\/revisions"}],"predecessor-version":[{"id":150,"href":"https:\/\/fischersped.de\/index.php?rest_route=\/wp\/v2\/pages\/34\/revisions\/150"}],"wp:attachment":[{"href":"https:\/\/fischersped.de\/index.php?rest_route=%2Fwp%2Fv2%2Fmedia&parent=34"}],"curies":[{"name":"wp","href":"https:\/\/api.w.org\/{rel}","templated":true}]}}